{"id":117,"date":"2025-01-03T23:47:10","date_gmt":"2025-01-03T22:47:10","guid":{"rendered":"https:\/\/ski-marseille.com\/?page_id=117"},"modified":"2025-01-04T23:30:29","modified_gmt":"2025-01-04T22:30:29","slug":"dons","status":"publish","type":"page","link":"https:\/\/ski-marseille.com\/index.php\/dons\/","title":{"rendered":"Dons"},"content":{"rendered":"\t\t<div data-elementor-type=\"wp-page\" data-elementor-id=\"117\" class=\"elementor elementor-117\">\n\t\t\t\t<div class=\"elementor-element elementor-element-f4550f2 e-flex e-con-boxed e-con e-parent\" data-id=\"f4550f2\" data-element_type=\"container\">\n\t\t\t\t\t<div class=\"e-con-inner\">\n\t\t\t\t<div class=\"elementor-element elementor-element-6465dd3 elementor-widget elementor-widget-text-editor\" data-id=\"6465dd3\" data-element_type=\"widget\" data-widget_type=\"text-editor.default\">\n\t\t\t\t<div class=\"elementor-widget-container\">\n\t\t\t\t\t\t\t\t\t<p>Que vous soyez un particulier ou une soci\u00e9t\u00e9, rejoignez les donateurs du Ski Club Marseille Saint Antoine, une partie de votre don sera d\u00e9ductible fiscalement. Aidez le club \u00e0 poursuivre ses objectifs sportifs et sociaux.<br \/><br \/>Notre club est reconnu d&rsquo;Int\u00e9r\u00eat G\u00e9n\u00e9ral par rescrit d\u00e9pos\u00e9 et accept\u00e9 par l&rsquo;Administration fiscale des Bouches du Rh\u00f4ne<\/p>\t\t\t\t\t\t\t\t<\/div>\n\t\t\t\t<\/div>\n\t\t\t\t\t<\/div>\n\t\t\t\t<\/div>\n\t\t<div class=\"elementor-element elementor-element-7631382 e-grid e-con-full e-con e-parent\" data-id=\"7631382\" data-element_type=\"container\">\n\t\t<div class=\"elementor-element elementor-element-4fd9773 e-con-full e-flex e-con e-child\" data-id=\"4fd9773\" data-element_type=\"container\" data-settings=\"{&quot;background_background&quot;:&quot;classic&quot;}\">\n\t\t\t\t<div class=\"elementor-element elementor-element-3679e92 elementor-widget elementor-widget-heading\" data-id=\"3679e92\" data-element_type=\"widget\" data-widget_type=\"heading.default\">\n\t\t\t\t<div class=\"elementor-widget-container\">\n\t\t\t\t\t<h2 class=\"elementor-heading-title elementor-size-default\">Particuliers<\/h2>\t\t\t\t<\/div>\n\t\t\t\t<\/div>\n\t\t\t\t<div class=\"elementor-element elementor-element-2ff3cd3 elementor-widget elementor-widget-text-editor\" data-id=\"2ff3cd3\" data-element_type=\"widget\" data-widget_type=\"text-editor.default\">\n\t\t\t\t<div class=\"elementor-widget-container\">\n\t\t\t\t\t\t\t\t\t<p>La r\u00e9duction d\u2019imp\u00f4t pour les particuliers s\u2019\u00e9l\u00e8ve \u00e0 <strong>66 % du montant des dons<\/strong> effectu\u00e9s, dans la limite de <strong>20 % du revenu imposable<\/strong>. Cette mesure permet aux donateurs de b\u00e9n\u00e9ficier d\u2019un avantage fiscal tout en soutenant des projets d&rsquo;int\u00e9r\u00eat g\u00e9n\u00e9ral comme les n\u00f4tres.<\/p><p>Si le montant des dons d\u00e9passe cette limite de 20 % du revenu imposable, l\u2019exc\u00e9dent peut \u00eatre <strong>report\u00e9 sur les 5 ann\u00e9es suivantes<\/strong> et donner lieu \u00e0 une r\u00e9duction d\u2019imp\u00f4t, sous r\u00e9serve de respecter le plafond applicable pour chacune de ces ann\u00e9es.<\/p><p>Les dons peuvent \u00eatre effectu\u00e9s en num\u00e9raire, par virement bancaire ou sous forme de don en nature. Une <strong>attestation fiscale<\/strong> vous sera d\u00e9livr\u00e9e pour justifier de votre don aupr\u00e8s de l\u2019administration fiscale, conform\u00e9ment \u00e0 l\u2019article 200 du Code G\u00e9n\u00e9ral des Imp\u00f4ts (CGI).<\/p><p>En soutenant le Ski Club Marseille Saint Antoine, vous contribuez non seulement \u00e0 nos actions sportives, mais \u00e9galement \u00e0 nos initiatives sociales en faveur de l\u2019inclusion et de l\u2019acc\u00e8s au sport pour tous. Chaque don compte et aide notre club \u00e0 faire la diff\u00e9rence !<\/p>\t\t\t\t\t\t\t\t<\/div>\n\t\t\t\t<\/div>\n\t\t\t\t<\/div>\n\t\t<div class=\"elementor-element elementor-element-81adae3 e-con-full e-flex e-con e-child\" data-id=\"81adae3\" data-element_type=\"container\" data-settings=\"{&quot;background_background&quot;:&quot;classic&quot;}\">\n\t\t\t\t<div class=\"elementor-element elementor-element-589dc7e elementor-widget elementor-widget-heading\" data-id=\"589dc7e\" data-element_type=\"widget\" data-widget_type=\"heading.default\">\n\t\t\t\t<div class=\"elementor-widget-container\">\n\t\t\t\t\t<h2 class=\"elementor-heading-title elementor-size-default\">Entreprises<\/h2>\t\t\t\t<\/div>\n\t\t\t\t<\/div>\n\t\t\t\t<div class=\"elementor-element elementor-element-8e3f4aa elementor-widget elementor-widget-text-editor\" data-id=\"8e3f4aa\" data-element_type=\"widget\" data-widget_type=\"text-editor.default\">\n\t\t\t\t<div class=\"elementor-widget-container\">\n\t\t\t\t\t\t\t\t\t<p>Les entreprises peuvent b\u00e9n\u00e9ficier d\u2019une <strong>r\u00e9duction d\u2019imp\u00f4t de 60 %<\/strong> du montant du don pour la part inf\u00e9rieure ou \u00e9gale \u00e0 <strong>2 000 000 \u20ac<\/strong>, et de <strong>40 %<\/strong> pour la fraction qui d\u00e9passe ce seuil. Ce dispositif permet aux entreprises d\u2019allier engagement social et avantage fiscal, tout en soutenant des projets d\u2019int\u00e9r\u00eat g\u00e9n\u00e9ral.<\/p><p>Le montant total des dons pris en compte pour le calcul de la r\u00e9duction ne peut d\u00e9passer, sur un m\u00eame exercice, <strong>20 000 \u20ac<\/strong> ou <strong>0,5 % du chiffre d\u2019affaires annuel hors taxes<\/strong>, selon le montant le plus \u00e9lev\u00e9. Lorsque ce plafond est atteint, l\u2019exc\u00e9dent peut \u00eatre <strong>report\u00e9 sur les 5 exercices suivants<\/strong>, apr\u00e8s prise en compte des dons effectu\u00e9s durant ces exercices, et b\u00e9n\u00e9ficier de la r\u00e9duction au taux applicable au don initial.<\/p><p>Les dons peuvent prendre diff\u00e9rentes formes : en num\u00e9raire, en nature ou sous forme de prestations de services. Une <strong>attestation fiscale<\/strong> sera remise \u00e0 l\u2019entreprise pour justifier du don aupr\u00e8s de l\u2019administration fiscale, conform\u00e9ment \u00e0 l\u2019article 238 bis du Code G\u00e9n\u00e9ral des Imp\u00f4ts (CGI).<\/p><p>En devenant m\u00e9c\u00e8ne du Ski Club Marseille Saint Antoine, votre entreprise participe activement au d\u00e9veloppement de projets sportifs et sociaux tout en affirmant ses valeurs de solidarit\u00e9 et d\u2019engagement aupr\u00e8s de la communaut\u00e9.<\/p>\t\t\t\t\t\t\t\t<\/div>\n\t\t\t\t<\/div>\n\t\t\t\t<\/div>\n\t\t\t\t<\/div>\n\t\t<div class=\"elementor-element elementor-element-b51540d e-flex e-con-boxed e-con e-parent\" data-id=\"b51540d\" data-element_type=\"container\">\n\t\t\t\t\t<div class=\"e-con-inner\">\n\t\t\t\t<div class=\"elementor-element elementor-element-f9ee405 elementor-widget elementor-widget-heading\" data-id=\"f9ee405\" data-element_type=\"widget\" data-widget_type=\"heading.default\">\n\t\t\t\t<div class=\"elementor-widget-container\">\n\t\t\t\t\t<h2 class=\"elementor-heading-title elementor-size-default\">Ces entreprises et associations sont d\u00e9j\u00e0 nos partenaires depuis plusieurs ann\u00e9es<\/h2>\t\t\t\t<\/div>\n\t\t\t\t<\/div>\n\t\t<div class=\"elementor-element elementor-element-1008529 e-con-full e-flex e-con e-child\" data-id=\"1008529\" data-element_type=\"container\">\n\t\t\t\t<div class=\"elementor-element elementor-element-8c0d0fa elementor-widget elementor-widget-image\" data-id=\"8c0d0fa\" data-element_type=\"widget\" data-widget_type=\"image.default\">\n\t\t\t\t<div class=\"elementor-widget-container\">\n\t\t\t\t\t\t\t\t\t\t\t\t\t\t\t<img decoding=\"async\" width=\"217\" height=\"111\" src=\"https:\/\/ski-marseille.com\/wp-content\/uploads\/2025\/01\/vc-2.gif\" class=\"attachment-medium size-medium wp-image-193\" alt=\"\" \/>\t\t\t\t\t\t\t\t\t\t\t\t\t\t\t<\/div>\n\t\t\t\t<\/div>\n\t\t\t\t<div class=\"elementor-element elementor-element-e7f390c elementor-widget elementor-widget-image\" data-id=\"e7f390c\" data-element_type=\"widget\" data-widget_type=\"image.default\">\n\t\t\t\t<div class=\"elementor-widget-container\">\n\t\t\t\t\t\t\t\t\t\t\t\t\t\t\t<img decoding=\"async\" width=\"300\" height=\"133\" src=\"https:\/\/ski-marseille.com\/wp-content\/uploads\/2025\/01\/130917_logo_ARV_V3_HD_banderolle-1-300x133.jpg\" class=\"attachment-medium size-medium wp-image-194\" alt=\"\" srcset=\"https:\/\/ski-marseille.com\/wp-content\/uploads\/2025\/01\/130917_logo_ARV_V3_HD_banderolle-1-300x133.jpg 300w, https:\/\/ski-marseille.com\/wp-content\/uploads\/2025\/01\/130917_logo_ARV_V3_HD_banderolle-1-1024x453.jpg 1024w, https:\/\/ski-marseille.com\/wp-content\/uploads\/2025\/01\/130917_logo_ARV_V3_HD_banderolle-1-768x340.jpg 768w, https:\/\/ski-marseille.com\/wp-content\/uploads\/2025\/01\/130917_logo_ARV_V3_HD_banderolle-1-1536x679.jpg 1536w, https:\/\/ski-marseille.com\/wp-content\/uploads\/2025\/01\/130917_logo_ARV_V3_HD_banderolle-1-2048x906.jpg 2048w\" sizes=\"(max-width: 300px) 100vw, 300px\" \/>\t\t\t\t\t\t\t\t\t\t\t\t\t\t\t<\/div>\n\t\t\t\t<\/div>\n\t\t\t\t<div class=\"elementor-element elementor-element-9459c2a elementor-widget elementor-widget-image\" data-id=\"9459c2a\" data-element_type=\"widget\" data-widget_type=\"image.default\">\n\t\t\t\t<div class=\"elementor-widget-container\">\n\t\t\t\t\t\t\t\t\t\t\t\t\t\t\t<img decoding=\"async\" width=\"250\" height=\"92\" src=\"https:\/\/ski-marseille.com\/wp-content\/uploads\/2025\/01\/image002.jpg\" class=\"attachment-medium size-medium wp-image-196\" alt=\"\" \/>\t\t\t\t\t\t\t\t\t\t\t\t\t\t\t<\/div>\n\t\t\t\t<\/div>\n\t\t\t\t<div class=\"elementor-element elementor-element-305dd27 elementor-widget elementor-widget-image\" data-id=\"305dd27\" data-element_type=\"widget\" data-widget_type=\"image.default\">\n\t\t\t\t<div class=\"elementor-widget-container\">\n\t\t\t\t\t\t\t\t\t\t\t\t\t\t\t<img loading=\"lazy\" decoding=\"async\" width=\"150\" height=\"150\" src=\"https:\/\/ski-marseille.com\/wp-content\/uploads\/2025\/01\/Logo-PANOAIX-Carre-Rouge-150x150.png\" class=\"attachment-thumbnail size-thumbnail wp-image-195\" alt=\"\" srcset=\"https:\/\/ski-marseille.com\/wp-content\/uploads\/2025\/01\/Logo-PANOAIX-Carre-Rouge-150x150.png 150w, https:\/\/ski-marseille.com\/wp-content\/uploads\/2025\/01\/Logo-PANOAIX-Carre-Rouge-300x300.png 300w, https:\/\/ski-marseille.com\/wp-content\/uploads\/2025\/01\/Logo-PANOAIX-Carre-Rouge.png 480w\" sizes=\"(max-width: 150px) 100vw, 150px\" \/>\t\t\t\t\t\t\t\t\t\t\t\t\t\t\t<\/div>\n\t\t\t\t<\/div>\n\t\t\t\t<\/div>\n\t\t\t\t\t<\/div>\n\t\t\t\t<\/div>\n\t\t<div class=\"elementor-element elementor-element-748495c e-flex e-con-boxed e-con e-parent\" data-id=\"748495c\" data-element_type=\"container\">\n\t\t\t\t\t<div class=\"e-con-inner\">\n\t\t\t\t<div class=\"elementor-element elementor-element-2f0257a elementor-widget elementor-widget-heading\" data-id=\"2f0257a\" data-element_type=\"widget\" data-widget_type=\"heading.default\">\n\t\t\t\t<div class=\"elementor-widget-container\">\n\t\t\t\t\t<h2 class=\"elementor-heading-title elementor-size-default\">Sans oublier nos partenaires institutionnels sans qui rien ne serait possible.<\/h2>\t\t\t\t<\/div>\n\t\t\t\t<\/div>\n\t\t<div class=\"elementor-element elementor-element-615cbb4 e-con-full e-flex e-con e-child\" data-id=\"615cbb4\" data-element_type=\"container\">\n\t\t\t\t<div class=\"elementor-element elementor-element-a9d0971 elementor-widget elementor-widget-image\" data-id=\"a9d0971\" data-element_type=\"widget\" data-widget_type=\"image.default\">\n\t\t\t\t<div class=\"elementor-widget-container\">\n\t\t\t\t\t\t\t\t\t\t\t\t\t\t\t<img loading=\"lazy\" decoding=\"async\" width=\"300\" height=\"75\" src=\"https:\/\/ski-marseille.com\/wp-content\/uploads\/2025\/01\/CD-13-300x75.png\" class=\"attachment-medium size-medium wp-image-190\" alt=\"\" srcset=\"https:\/\/ski-marseille.com\/wp-content\/uploads\/2025\/01\/CD-13-300x75.png 300w, https:\/\/ski-marseille.com\/wp-content\/uploads\/2025\/01\/CD-13-768x193.png 768w, https:\/\/ski-marseille.com\/wp-content\/uploads\/2025\/01\/CD-13.png 999w\" sizes=\"(max-width: 300px) 100vw, 300px\" \/>\t\t\t\t\t\t\t\t\t\t\t\t\t\t\t<\/div>\n\t\t\t\t<\/div>\n\t\t\t\t<div class=\"elementor-element elementor-element-375f254 elementor-widget elementor-widget-image\" data-id=\"375f254\" data-element_type=\"widget\" data-widget_type=\"image.default\">\n\t\t\t\t<div class=\"elementor-widget-container\">\n\t\t\t\t\t\t\t\t\t\t\t\t\t\t\t<img loading=\"lazy\" decoding=\"async\" width=\"300\" height=\"82\" src=\"https:\/\/ski-marseille.com\/wp-content\/uploads\/2025\/01\/vm-300x82.jpg\" class=\"attachment-medium size-medium wp-image-191\" alt=\"\" srcset=\"https:\/\/ski-marseille.com\/wp-content\/uploads\/2025\/01\/vm-300x82.jpg 300w, https:\/\/ski-marseille.com\/wp-content\/uploads\/2025\/01\/vm.jpg 547w\" sizes=\"(max-width: 300px) 100vw, 300px\" \/>\t\t\t\t\t\t\t\t\t\t\t\t\t\t\t<\/div>\n\t\t\t\t<\/div>\n\t\t\t\t<div class=\"elementor-element elementor-element-11e4bce elementor-widget elementor-widget-image\" data-id=\"11e4bce\" data-element_type=\"widget\" data-widget_type=\"image.default\">\n\t\t\t\t<div class=\"elementor-widget-container\">\n\t\t\t\t\t\t\t\t\t\t\t\t\t\t\t<img loading=\"lazy\" decoding=\"async\" width=\"300\" height=\"88\" src=\"https:\/\/ski-marseille.com\/wp-content\/uploads\/2025\/01\/LOGO-3-QUADRI-300x88.jpg\" class=\"attachment-medium size-medium wp-image-192\" alt=\"\" srcset=\"https:\/\/ski-marseille.com\/wp-content\/uploads\/2025\/01\/LOGO-3-QUADRI-300x88.jpg 300w, https:\/\/ski-marseille.com\/wp-content\/uploads\/2025\/01\/LOGO-3-QUADRI-1024x299.jpg 1024w, https:\/\/ski-marseille.com\/wp-content\/uploads\/2025\/01\/LOGO-3-QUADRI-768x225.jpg 768w, https:\/\/ski-marseille.com\/wp-content\/uploads\/2025\/01\/LOGO-3-QUADRI-1536x449.jpg 1536w, https:\/\/ski-marseille.com\/wp-content\/uploads\/2025\/01\/LOGO-3-QUADRI-2048x599.jpg 2048w\" sizes=\"(max-width: 300px) 100vw, 300px\" \/>\t\t\t\t\t\t\t\t\t\t\t\t\t\t\t<\/div>\n\t\t\t\t<\/div>\n\t\t\t\t<\/div>\n\t\t\t\t\t<\/div>\n\t\t\t\t<\/div>\n\t\t<div class=\"elementor-element elementor-element-d6a9fe8 e-flex e-con-boxed e-con e-parent\" data-id=\"d6a9fe8\" data-element_type=\"container\">\n\t\t\t\t\t<div class=\"e-con-inner\">\n\t\t\t\t<div class=\"elementor-element elementor-element-365de44 elementor-widget elementor-widget-heading\" data-id=\"365de44\" data-element_type=\"widget\" data-widget_type=\"heading.default\">\n\t\t\t\t<div class=\"elementor-widget-container\">\n\t\t\t\t\t<h2 class=\"elementor-heading-title elementor-size-default\">Vous souhaitez nous aider ?<\/h2>\t\t\t\t<\/div>\n\t\t\t\t<\/div>\n\t\t\t\t<div class=\"elementor-element elementor-element-8ae5f29 elementor-widget elementor-widget-text-editor\" data-id=\"8ae5f29\" data-element_type=\"widget\" data-widget_type=\"text-editor.default\">\n\t\t\t\t<div class=\"elementor-widget-container\">\n\t\t\t\t\t\t\t\t\t<p>Contactez nous au <strong>06 07 08 38 08<\/strong> (Emmanuelle)<\/p><p>ou<\/p><p>Par le site <strong>\u00ab\u00a0soutiens ton club\u00a0\u00bb<\/strong> de la Fondation du sport\u00a0<a href=\"https:\/\/www.soutienstonclub.fr\">https:\/\/www.soutienstonclub.fr<\/a><\/p>\t\t\t\t\t\t\t\t<\/div>\n\t\t\t\t<\/div>\n\t\t\t\t\t<\/div>\n\t\t\t\t<\/div>\n\t\t\t\t<\/div>\n\t\t","protected":false},"excerpt":{"rendered":"<p>Que vous soyez un particulier ou une soci\u00e9t\u00e9, rejoignez les donateurs du Ski Club Marseille Saint Antoine, une partie de votre don sera d\u00e9ductible fiscalement. Aidez le club \u00e0 poursuivre [&hellip;]<\/p>\n","protected":false},"author":2,"featured_media":0,"parent":0,"menu_order":7,"comment_status":"closed","ping_status":"closed","template":"","meta":{"site-container-style":"default","site-container-layout":"default","site-sidebar-layout":"default","disable-article-header":"default","disable-site-header":"default","disable-site-footer":"default","disable-content-area-spacing":"default","_price":"","_stock":"","_tribe_ticket_header":"","_tribe_default_ticket_provider":"","_tribe_ticket_capacity":"0","_ticket_start_date":"","_ticket_end_date":"","_tribe_ticket_show_description":"","_tribe_ticket_show_not_going":false,"_tribe_ticket_use_global_stock":"","_tribe_ticket_global_stock_level":"","_global_stock_mode":"","_global_stock_cap":"","_tribe_rsvp_for_event":"","_tribe_ticket_going_count":"","_tribe_ticket_not_going_count":"","_tribe_tickets_list":"[]","_tribe_ticket_has_attendee_info_fields":false,"footnotes":""},"class_list":["post-117","page","type-page","status-publish","hentry"],"_links":{"self":[{"href":"https:\/\/ski-marseille.com\/index.php\/wp-json\/wp\/v2\/pages\/117","targetHints":{"allow":["GET"]}}],"collection":[{"href":"https:\/\/ski-marseille.com\/index.php\/wp-json\/wp\/v2\/pages"}],"about":[{"href":"https:\/\/ski-marseille.com\/index.php\/wp-json\/wp\/v2\/types\/page"}],"author":[{"embeddable":true,"href":"https:\/\/ski-marseille.com\/index.php\/wp-json\/wp\/v2\/users\/2"}],"replies":[{"embeddable":true,"href":"https:\/\/ski-marseille.com\/index.php\/wp-json\/wp\/v2\/comments?post=117"}],"version-history":[{"count":13,"href":"https:\/\/ski-marseille.com\/index.php\/wp-json\/wp\/v2\/pages\/117\/revisions"}],"predecessor-version":[{"id":209,"href":"https:\/\/ski-marseille.com\/index.php\/wp-json\/wp\/v2\/pages\/117\/revisions\/209"}],"wp:attachment":[{"href":"https:\/\/ski-marseille.com\/index.php\/wp-json\/wp\/v2\/media?parent=117"}],"curies":[{"name":"wp","href":"https:\/\/api.w.org\/{rel}","templated":true}]}}